{"id":215,"date":"2016-09-07T12:01:52","date_gmt":"2016-09-07T12:01:52","guid":{"rendered":"http:\/\/ogv-karben.de\/?page_id=215"},"modified":"2021-10-17T14:07:22","modified_gmt":"2021-10-17T14:07:22","slug":"vorstand","status":"publish","type":"page","link":"https:\/\/ogv-karben.de\/?page_id=215","title":{"rendered":"Vorstand"},"content":{"rendered":"<h4 style=\"text-align: left;\">Der Vorstand des OGV Klein-Karben<\/h4>\n<p style=\"text-align: left;\">\n<p style=\"text-align: left;\">von lks.: Patricia Weber \u2014 1. Vorsitzende | Marc Engelken \u2014 Schriftf\u00fchrer | Maina Meisinger \u2014 Beisitzerin<\/p>\n<p style=\"text-align: left;\">Thomas Bier \u2014 Kassierer | Mehran Haghshenas \u2014 2. Versitzender<\/p>\n<p><img loading=\"lazy\" decoding=\"async\" class=\"alignnone  wp-image-2642\" src=\"http:\/\/ogv-karben.de\/wp-content\/uploads\/2021\/07\/20210705_202023a-1024x576.jpg\" alt=\"\" width=\"677\" height=\"381\" srcset=\"https:\/\/ogv-karben.de\/wp-content\/uploads\/2021\/07\/20210705_202023a-1024x576.jpg 1024w, https:\/\/ogv-karben.de\/wp-content\/uploads\/2021\/07\/20210705_202023a-300x169.jpg 300w, https:\/\/ogv-karben.de\/wp-content\/uploads\/2021\/07\/20210705_202023a-768x432.jpg 768w, https:\/\/ogv-karben.de\/wp-content\/uploads\/2021\/07\/20210705_202023a-968x545.jpg 968w, https:\/\/ogv-karben.de\/wp-content\/uploads\/2021\/07\/20210705_202023a-636x358.jpg 636w, https:\/\/ogv-karben.de\/wp-content\/uploads\/2021\/07\/20210705_202023a-482x271.jpg 482w, https:\/\/ogv-karben.de\/wp-content\/uploads\/2021\/07\/20210705_202023a-320x180.jpg 320w, https:\/\/ogv-karben.de\/wp-content\/uploads\/2021\/07\/20210705_202023a-239x134.jpg 239w, https:\/\/ogv-karben.de\/wp-content\/uploads\/2021\/07\/20210705_202023a.jpg 1280w\" sizes=\"auto, (max-width: 677px) 100vw, 677px\" \/><\/p>\n<p style=\"text-align: left;\">Alle Mitglieder des Vorstandes sind ehrenamtlich t\u00e4tig und bringen sich<br \/>\nmit vielf\u00e4ltigen T\u00e4tigkeiten in den Verein ein.<\/p>\n","protected":false},"excerpt":{"rendered":"<p>Der Vorstand des OGV Klein-Karben von lks.: Patricia Weber \u2014 1. Vorsitzende | Marc Engelken \u2014 Schriftf\u00fchrer | Maina Meisinger \u2014 Beisitzerin Thomas Bier \u2014 Kassierer | Mehran Haghshenas \u2014 2. Versitzender Alle Mitglieder des Vorstandes sind ehrenamtlich t\u00e4tig und bringen sich mit vielf\u00e4ltigen T\u00e4tigkeiten in den Verein ein.<\/p>\n","protected":false},"author":1,"featured_media":2296,"parent":6,"menu_order":0,"comment_status":"closed","ping_status":"closed","template":"g1_template_page_sidebar_right.php","meta":{"footnotes":""},"class_list":["post-215","page","type-page","status-publish","has-post-thumbnail"],"_links":{"self":[{"href":"https:\/\/ogv-karben.de\/index.php?rest_route=\/wp\/v2\/pages\/215","targetHints":{"allow":["GET"]}}],"collection":[{"href":"https:\/\/ogv-karben.de\/index.php?rest_route=\/wp\/v2\/pages"}],"about":[{"href":"https:\/\/ogv-karben.de\/index.php?rest_route=\/wp\/v2\/types\/page"}],"author":[{"embeddable":true,"href":"https:\/\/ogv-karben.de\/index.php?rest_route=\/wp\/v2\/users\/1"}],"replies":[{"embeddable":true,"href":"https:\/\/ogv-karben.de\/index.php?rest_route=%2Fwp%2Fv2%2Fcomments&post=215"}],"version-history":[{"count":1,"href":"https:\/\/ogv-karben.de\/index.php?rest_route=\/wp\/v2\/pages\/215\/revisions"}],"predecessor-version":[{"id":2645,"href":"https:\/\/ogv-karben.de\/index.php?rest_route=\/wp\/v2\/pages\/215\/revisions\/2645"}],"up":[{"embeddable":true,"href":"https:\/\/ogv-karben.de\/index.php?rest_route=\/wp\/v2\/pages\/6"}],"wp:featuredmedia":[{"embeddable":true,"href":"https:\/\/ogv-karben.de\/index.php?rest_route=\/wp\/v2\/media\/2296"}],"wp:attachment":[{"href":"https:\/\/ogv-karben.de\/index.php?rest_route=%2Fwp%2Fv2%2Fmedia&parent=215"}],"curies":[{"name":"wp","href":"https:\/\/api.w.org\/{rel}","templated":true}]}}